{"id":2680,"date":"2024-07-10T13:49:14","date_gmt":"2024-07-10T13:49:14","guid":{"rendered":"https:\/\/site.abecrolamentos.com.br\/?page_id=2680"},"modified":"2024-07-10T13:51:12","modified_gmt":"2024-07-10T13:51:12","slug":"politica-de-privacidade","status":"publish","type":"page","link":"http:\/\/site.abecrolamentos.com.br\/index.php\/politica-de-privacidade\/","title":{"rendered":"Politica de Privacidade"},"content":{"rendered":"\t\t<div data-elementor-type=\"wp-page\" data-elementor-id=\"2680\" class=\"elementor elementor-2680\" data-elementor-post-type=\"page\">\n\t\t\t\t<div class=\"elementor-element elementor-element-4aca8d5c e-flex e-con-boxed e-con e-parent\" data-id=\"4aca8d5c\" data-element_type=\"container\" data-e-type=\"container\">\n\t\t\t\t\t<div class=\"e-con-inner\">\n\t\t\t\t<div class=\"elementor-element elementor-element-72f572e9 elementor-widget elementor-widget-text-editor\" data-id=\"72f572e9\" data-element_type=\"widget\" data-e-type=\"widget\" data-widget_type=\"text-editor.default\">\n\t\t\t\t<div class=\"elementor-widget-container\">\n\t\t\t\t\t\t\t\t\t<p><\/p><h2 class=\"wp-block-heading\">Pol\u00edtica de Cookies<\/h2><p><\/p><h2 class=\"wp-block-heading\">Se\u00e7\u00e3o 1 &#8211; O que faremos com esta informa\u00e7\u00e3o?<\/h2><p><\/p><p>Esta Pol\u00edtica de Cookies explica o que s\u00e3o cookies e como os usamos. Voc\u00ea deve ler esta pol\u00edtica para entender o que s\u00e3o cookies, como os usamos, os tipos de cookies que usamos, ou seja, as informa\u00e7\u00f5es que coletamos usando cookies e como essas informa\u00e7\u00f5es s\u00e3o usadas e como controlar as prefer\u00eancias de cookies. Para mais informa\u00e7\u00f5es sobre como usamos, armazenamos e mantemos seus dados pessoais seguros, consulte nossa Pol\u00edtica de Privacidade. Voc\u00ea pode, a qualquer momento, alterar ou retirar seu consentimento da Declara\u00e7\u00e3o de Cookies em nosso site.Saiba mais sobre quem somos, como voc\u00ea pode entrar em contato conosco e como processamos dados pessoais em nossa Pol\u00edtica de Privacidade.<\/p><p><\/p><h2 class=\"wp-block-heading\">Se\u00e7\u00e3o 2 &#8211; Coleta de dados<\/h2><p><\/p><p>Coletamos os dados do usu\u00e1rio conforme ele nos fornece, de forma direta ou indireta, no acesso e uso dos sites, aplicativos e servi\u00e7os prestados. Utilizamos Cookies e identificadores an\u00f4nimos para controle de audi\u00eancia, navega\u00e7\u00e3o, seguran\u00e7a e publicidade, sendo que o usu\u00e1rio concorda com essa utiliza\u00e7\u00e3o ao aceitar essa Pol\u00edtica de Privacidade.<\/p><p><\/p><h2 class=\"wp-block-heading\">Se\u00e7\u00e3o 3 &#8211; Consentimento<\/h2><p><\/p><p>Como voc\u00eas obt\u00eam meu consentimento? Quando voc\u00ea fornece informa\u00e7\u00f5es pessoais como nome, telefone e endere\u00e7o, para completar: uma solicita\u00e7\u00e3o, enviar formul\u00e1rio de contato, cadastrar em nossos sistemas ou procurar um contador. Ap\u00f3s a realiza\u00e7\u00e3o de a\u00e7\u00f5es entendemos que voc\u00ea est\u00e1 de acordo com a coleta de dados para serem utilizados pela nossa empresa. Se pedimos por suas informa\u00e7\u00f5es pessoais por uma raz\u00e3o secund\u00e1ria, como marketing, vamos lhe pedir diretamente por seu consentimento, ou lhe fornecer a oportunidade de dizer n\u00e3o. E caso voc\u00ea queira retirar seu consentimento, como proceder? Se ap\u00f3s voc\u00ea nos fornecer seus dados, voc\u00ea mudar de ideia, voc\u00ea pode retirar o seu consentimento para que possamos entrar em contato, para a cole\u00e7\u00e3o de dados cont\u00ednua, uso ou divulga\u00e7\u00e3o de suas informa\u00e7\u00f5es, a qualquer momento, entrando em contato conosco.<\/p><p><\/p><h2 class=\"wp-block-heading\">Se\u00e7\u00e3o 4 &#8211; Divulga\u00e7\u00e3o<\/h2><p><\/p><p>Podemos divulgar suas informa\u00e7\u00f5es pessoais caso sejamos obrigados pela lei para faz\u00ea-lo ou se voc\u00ea violar nossos Termos de Servi\u00e7o.<\/p><p><\/p><h2 class=\"wp-block-heading\">Se\u00e7\u00e3o 5 &#8211; Servi\u00e7os de terceiros<\/h2><p><\/p><p>No geral, os fornecedores terceirizados usados por n\u00f3s ir\u00e3o apenas coletar, usar e divulgar suas informa\u00e7\u00f5es na medida do necess\u00e1rio para permitir que eles realizem os servi\u00e7os que eles nos fornecem. Entretanto, certos fornecedores de servi\u00e7os terceirizados, tais como gateways de pagamento e outros processadores de transa\u00e7\u00e3o de pagamento, t\u00eam suas pr\u00f3prias pol\u00edticas de privacidade com respeito \u00e0 informa\u00e7\u00e3o que somos obrigados a fornecer para eles de suas transa\u00e7\u00f5es relacionadas com compras. Para esses fornecedores, recomendamos que voc\u00ea leia suas pol\u00edticas de privacidade para que voc\u00ea possa entender a maneira na qual suas informa\u00e7\u00f5es pessoais ser\u00e3o usadas por esses fornecedores. Em particular, lembre-se que certos fornecedores podem ser localizados em ou possuir instala\u00e7\u00f5es que s\u00e3o localizadas em jurisdi\u00e7\u00f5es diferentes que voc\u00ea ou n\u00f3s. Assim, se voc\u00ea quer continuar com uma transa\u00e7\u00e3o que envolve os servi\u00e7os de um fornecedor de servi\u00e7o terceirizado, ent\u00e3o suas informa\u00e7\u00f5es podem tornar-se sujeitas \u00e0s leis da(s) jurisdi\u00e7\u00e3o(\u00f5es) nas quais o fornecedor de servi\u00e7o ou suas instala\u00e7\u00f5es est\u00e3o localizados. Como um exemplo, se voc\u00ea est\u00e1 localizado no Canad\u00e1 e sua transa\u00e7\u00e3o \u00e9 processada por um gateway de pagamento localizado nos Estados Unidos, ent\u00e3o suas informa\u00e7\u00f5es pessoais usadas para completar aquela transa\u00e7\u00e3o podem estar sujeitas a divulga\u00e7\u00e3o sob a legisla\u00e7\u00e3o dos Estados Unidos, incluindo o Ato Patriota. Uma vez que voc\u00ea deixe o site da nossa loja ou seja redirecionado para um aplicativo ou site de terceiros, voc\u00ea n\u00e3o ser\u00e1 mais regido por essa Pol\u00edtica de Privacidade ou pelos Termos de Servi\u00e7o do nosso site. Quando voc\u00ea clica em links em nosso site, eles podem lhe direcionar para fora do mesmo. N\u00e3o somos respons\u00e1veis pelas pr\u00e1ticas de privacidade de outros sites e lhe incentivamos a ler as declara\u00e7\u00f5es de privacidade deles.<\/p><p><\/p><h2 class=\"wp-block-heading\">Se\u00e7\u00e3o 6 &#8211; Seguran\u00e7a<\/h2><p><\/p><p>Para proteger suas informa\u00e7\u00f5es pessoais, tomamos precau\u00e7\u00f5es razo\u00e1veis e seguimos as melhores pr\u00e1ticas da ind\u00fastria para nos certificar que elas n\u00e3o ser\u00e3o perdidas inadequadamente, usurpadas, acessadas, divulgadas, alteradas ou destru\u00eddas.<\/p><p><\/p><h2 class=\"wp-block-heading\">Se\u00e7\u00e3o 7 &#8211; Altera\u00e7\u00f5es para essa pol\u00edtica de privacidade<\/h2><p><\/p><p>Reservamos o direito de modificar essa pol\u00edtica de privacidade a qualquer momento, ent\u00e3o por favor, revise-a com frequ\u00eancia. Altera\u00e7\u00f5es e esclarecimentos v\u00e3o surtir efeito imediatamente ap\u00f3s sua publica\u00e7\u00e3o no site. Se fizermos altera\u00e7\u00f5es de materiais para essa pol\u00edtica, iremos notific\u00e1-lo aqui que eles foram atualizados, para que voc\u00ea tenha ci\u00eancia sobre quais informa\u00e7\u00f5es coletamos, como as usamos, e sob que circunst\u00e2ncias, se alguma, usamos e\/ou divulgamos elas. Se nosso site for adquirido ou fundido com outra empresa, suas informa\u00e7\u00f5es podem ser transferidas para os novos propriet\u00e1rios para que possamos continuar a vender produtos e servi\u00e7os para voc\u00ea<\/p><p><\/p>\t\t\t\t\t\t\t\t<\/div>\n\t\t\t\t<\/div>\n\t\t\t\t\t<\/div>\n\t\t\t\t<\/div>\n\t\t\t\t<\/div>\n\t\t","protected":false},"excerpt":{"rendered":"<p>Pol\u00edtica de Cookies Se\u00e7\u00e3o 1 &#8211; O que faremos com esta informa\u00e7\u00e3o? Esta Pol\u00edtica de Cookies explica o que s\u00e3o cookies e como os usamos. Voc\u00ea deve ler esta pol\u00edtica para entender o que s\u00e3o cookies, como os usamos, os tipos de cookies que usamos, ou seja, as informa\u00e7\u00f5es que coletamos usando cookies e como [&hellip;]<\/p>\n","protected":false},"author":1,"featured_media":0,"parent":0,"menu_order":0,"comment_status":"closed","ping_status":"closed","template":"elementor_canvas","meta":{"footnotes":""},"class_list":["post-2680","page","type-page","status-publish","hentry"],"yoast_head":"<!-- This site is optimized with the Yoast SEO plugin v27.4 - https:\/\/yoast.com\/product\/yoast-seo-wordpress\/ -->\n<title>Politica de Privacidade - ABEC Rolamentos e Pe\u00e7as<\/title>\n<meta name=\"robots\" content=\"index, follow, max-snippet:-1, max-image-preview:large, max-video-preview:-1\" \/>\n<link rel=\"canonical\" href=\"http:\/\/site.abecrolamentos.com.br\/index.php\/politica-de-privacidade\/\" \/>\n<meta property=\"og:locale\" content=\"pt_BR\" \/>\n<meta property=\"og:type\" content=\"article\" \/>\n<meta property=\"og:title\" content=\"Politica de Privacidade - ABEC Rolamentos e Pe\u00e7as\" \/>\n<meta property=\"og:description\" content=\"Pol\u00edtica de Cookies Se\u00e7\u00e3o 1 &#8211; O que faremos com esta informa\u00e7\u00e3o? Esta Pol\u00edtica de Cookies explica o que s\u00e3o cookies e como os usamos. Voc\u00ea deve ler esta pol\u00edtica para entender o que s\u00e3o cookies, como os usamos, os tipos de cookies que usamos, ou seja, as informa\u00e7\u00f5es que coletamos usando cookies e como [&hellip;]\" \/>\n<meta property=\"og:url\" content=\"http:\/\/site.abecrolamentos.com.br\/index.php\/politica-de-privacidade\/\" \/>\n<meta property=\"og:site_name\" content=\"ABEC Rolamentos e Pe\u00e7as\" \/>\n<meta property=\"article:publisher\" content=\"https:\/\/www.facebook.com\/ABECRolamentossp\" \/>\n<meta property=\"article:modified_time\" content=\"2024-07-10T13:51:12+00:00\" \/>\n<meta name=\"twitter:card\" content=\"summary_large_image\" \/>\n<meta name=\"twitter:label1\" content=\"Est. tempo de leitura\" \/>\n\t<meta name=\"twitter:data1\" content=\"5 minutos\" \/>\n<script type=\"application\/ld+json\" class=\"yoast-schema-graph\">{\"@context\":\"https:\\\/\\\/schema.org\",\"@graph\":[{\"@type\":\"WebPage\",\"@id\":\"http:\\\/\\\/site.abecrolamentos.com.br\\\/index.php\\\/politica-de-privacidade\\\/\",\"url\":\"http:\\\/\\\/site.abecrolamentos.com.br\\\/index.php\\\/politica-de-privacidade\\\/\",\"name\":\"Politica de Privacidade - ABEC Rolamentos e Pe\u00e7as\",\"isPartOf\":{\"@id\":\"http:\\\/\\\/site.abecrolamentos.com.br\\\/#website\"},\"datePublished\":\"2024-07-10T13:49:14+00:00\",\"dateModified\":\"2024-07-10T13:51:12+00:00\",\"breadcrumb\":{\"@id\":\"http:\\\/\\\/site.abecrolamentos.com.br\\\/index.php\\\/politica-de-privacidade\\\/#breadcrumb\"},\"inLanguage\":\"pt-BR\",\"potentialAction\":[{\"@type\":\"ReadAction\",\"target\":[\"http:\\\/\\\/site.abecrolamentos.com.br\\\/index.php\\\/politica-de-privacidade\\\/\"]}]},{\"@type\":\"BreadcrumbList\",\"@id\":\"http:\\\/\\\/site.abecrolamentos.com.br\\\/index.php\\\/politica-de-privacidade\\\/#breadcrumb\",\"itemListElement\":[{\"@type\":\"ListItem\",\"position\":1,\"name\":\"In\u00edcio\",\"item\":\"http:\\\/\\\/site.abecrolamentos.com.br\\\/\"},{\"@type\":\"ListItem\",\"position\":2,\"name\":\"Politica de Privacidade\"}]},{\"@type\":\"WebSite\",\"@id\":\"http:\\\/\\\/site.abecrolamentos.com.br\\\/#website\",\"url\":\"http:\\\/\\\/site.abecrolamentos.com.br\\\/\",\"name\":\"ABEC Rolamentos e Pe\u00e7as\",\"description\":\"\",\"publisher\":{\"@id\":\"http:\\\/\\\/site.abecrolamentos.com.br\\\/#organization\"},\"potentialAction\":[{\"@type\":\"SearchAction\",\"target\":{\"@type\":\"EntryPoint\",\"urlTemplate\":\"http:\\\/\\\/site.abecrolamentos.com.br\\\/?s={search_term_string}\"},\"query-input\":{\"@type\":\"PropertyValueSpecification\",\"valueRequired\":true,\"valueName\":\"search_term_string\"}}],\"inLanguage\":\"pt-BR\"},{\"@type\":\"Organization\",\"@id\":\"http:\\\/\\\/site.abecrolamentos.com.br\\\/#organization\",\"name\":\"ABEC Rolamentos e Pe\u00e7as\",\"url\":\"http:\\\/\\\/site.abecrolamentos.com.br\\\/\",\"logo\":{\"@type\":\"ImageObject\",\"inLanguage\":\"pt-BR\",\"@id\":\"http:\\\/\\\/site.abecrolamentos.com.br\\\/#\\\/schema\\\/logo\\\/image\\\/\",\"url\":\"http:\\\/\\\/site.abecrolamentos.com.br\\\/wp-content\\\/uploads\\\/2023\\\/12\\\/cropped-logo_abec.png\",\"contentUrl\":\"http:\\\/\\\/site.abecrolamentos.com.br\\\/wp-content\\\/uploads\\\/2023\\\/12\\\/cropped-logo_abec.png\",\"width\":378,\"height\":140,\"caption\":\"ABEC Rolamentos e Pe\u00e7as\"},\"image\":{\"@id\":\"http:\\\/\\\/site.abecrolamentos.com.br\\\/#\\\/schema\\\/logo\\\/image\\\/\"},\"sameAs\":[\"https:\\\/\\\/www.facebook.com\\\/ABECRolamentossp\",\"https:\\\/\\\/www.instagram.com\\\/abecrolamentossp\\\/\"]}]}<\/script>\n<!-- \/ Yoast SEO plugin. -->","yoast_head_json":{"title":"Politica de Privacidade - ABEC Rolamentos e Pe\u00e7as","robots":{"index":"index","follow":"follow","max-snippet":"max-snippet:-1","max-image-preview":"max-image-preview:large","max-video-preview":"max-video-preview:-1"},"canonical":"http:\/\/site.abecrolamentos.com.br\/index.php\/politica-de-privacidade\/","og_locale":"pt_BR","og_type":"article","og_title":"Politica de Privacidade - ABEC Rolamentos e Pe\u00e7as","og_description":"Pol\u00edtica de Cookies Se\u00e7\u00e3o 1 &#8211; O que faremos com esta informa\u00e7\u00e3o? Esta Pol\u00edtica de Cookies explica o que s\u00e3o cookies e como os usamos. Voc\u00ea deve ler esta pol\u00edtica para entender o que s\u00e3o cookies, como os usamos, os tipos de cookies que usamos, ou seja, as informa\u00e7\u00f5es que coletamos usando cookies e como [&hellip;]","og_url":"http:\/\/site.abecrolamentos.com.br\/index.php\/politica-de-privacidade\/","og_site_name":"ABEC Rolamentos e Pe\u00e7as","article_publisher":"https:\/\/www.facebook.com\/ABECRolamentossp","article_modified_time":"2024-07-10T13:51:12+00:00","twitter_card":"summary_large_image","twitter_misc":{"Est. tempo de leitura":"5 minutos"},"schema":{"@context":"https:\/\/schema.org","@graph":[{"@type":"WebPage","@id":"http:\/\/site.abecrolamentos.com.br\/index.php\/politica-de-privacidade\/","url":"http:\/\/site.abecrolamentos.com.br\/index.php\/politica-de-privacidade\/","name":"Politica de Privacidade - ABEC Rolamentos e Pe\u00e7as","isPartOf":{"@id":"http:\/\/site.abecrolamentos.com.br\/#website"},"datePublished":"2024-07-10T13:49:14+00:00","dateModified":"2024-07-10T13:51:12+00:00","breadcrumb":{"@id":"http:\/\/site.abecrolamentos.com.br\/index.php\/politica-de-privacidade\/#breadcrumb"},"inLanguage":"pt-BR","potentialAction":[{"@type":"ReadAction","target":["http:\/\/site.abecrolamentos.com.br\/index.php\/politica-de-privacidade\/"]}]},{"@type":"BreadcrumbList","@id":"http:\/\/site.abecrolamentos.com.br\/index.php\/politica-de-privacidade\/#breadcrumb","itemListElement":[{"@type":"ListItem","position":1,"name":"In\u00edcio","item":"http:\/\/site.abecrolamentos.com.br\/"},{"@type":"ListItem","position":2,"name":"Politica de Privacidade"}]},{"@type":"WebSite","@id":"http:\/\/site.abecrolamentos.com.br\/#website","url":"http:\/\/site.abecrolamentos.com.br\/","name":"ABEC Rolamentos e Pe\u00e7as","description":"","publisher":{"@id":"http:\/\/site.abecrolamentos.com.br\/#organization"},"potentialAction":[{"@type":"SearchAction","target":{"@type":"EntryPoint","urlTemplate":"http:\/\/site.abecrolamentos.com.br\/?s={search_term_string}"},"query-input":{"@type":"PropertyValueSpecification","valueRequired":true,"valueName":"search_term_string"}}],"inLanguage":"pt-BR"},{"@type":"Organization","@id":"http:\/\/site.abecrolamentos.com.br\/#organization","name":"ABEC Rolamentos e Pe\u00e7as","url":"http:\/\/site.abecrolamentos.com.br\/","logo":{"@type":"ImageObject","inLanguage":"pt-BR","@id":"http:\/\/site.abecrolamentos.com.br\/#\/schema\/logo\/image\/","url":"http:\/\/site.abecrolamentos.com.br\/wp-content\/uploads\/2023\/12\/cropped-logo_abec.png","contentUrl":"http:\/\/site.abecrolamentos.com.br\/wp-content\/uploads\/2023\/12\/cropped-logo_abec.png","width":378,"height":140,"caption":"ABEC Rolamentos e Pe\u00e7as"},"image":{"@id":"http:\/\/site.abecrolamentos.com.br\/#\/schema\/logo\/image\/"},"sameAs":["https:\/\/www.facebook.com\/ABECRolamentossp","https:\/\/www.instagram.com\/abecrolamentossp\/"]}]}},"_links":{"self":[{"href":"http:\/\/site.abecrolamentos.com.br\/index.php\/wp-json\/wp\/v2\/pages\/2680","targetHints":{"allow":["GET"]}}],"collection":[{"href":"http:\/\/site.abecrolamentos.com.br\/index.php\/wp-json\/wp\/v2\/pages"}],"about":[{"href":"http:\/\/site.abecrolamentos.com.br\/index.php\/wp-json\/wp\/v2\/types\/page"}],"author":[{"embeddable":true,"href":"http:\/\/site.abecrolamentos.com.br\/index.php\/wp-json\/wp\/v2\/users\/1"}],"replies":[{"embeddable":true,"href":"http:\/\/site.abecrolamentos.com.br\/index.php\/wp-json\/wp\/v2\/comments?post=2680"}],"version-history":[{"count":4,"href":"http:\/\/site.abecrolamentos.com.br\/index.php\/wp-json\/wp\/v2\/pages\/2680\/revisions"}],"predecessor-version":[{"id":2684,"href":"http:\/\/site.abecrolamentos.com.br\/index.php\/wp-json\/wp\/v2\/pages\/2680\/revisions\/2684"}],"wp:attachment":[{"href":"http:\/\/site.abecrolamentos.com.br\/index.php\/wp-json\/wp\/v2\/media?parent=2680"}],"curies":[{"name":"wp","href":"https:\/\/api.w.org\/{rel}","templated":true}]}}